{"id":100186,"date":"2023-12-07T17:51:56","date_gmt":"2023-12-07T16:51:56","guid":{"rendered":"https:\/\/easyparisshuttle.com\/?page_id=100186"},"modified":"2025-11-07T19:09:13","modified_gmt":"2025-11-07T18:09:13","slug":"a-propos","status":"publish","type":"page","link":"https:\/\/easyparisshuttle.com\/fr_fr\/a-propos\/","title":{"rendered":"A propos"},"content":{"rendered":"<p>[et_pb_section fb_built=\u00a0\u00bb1&Prime; custom_padding_last_edited=\u00a0\u00bbon|tablet\u00a0\u00bb _builder_version=\u00a0\u00bb4.16&Prime; _module_preset=\u00a0\u00bbdefault\u00a0\u00bb background_color=\u00a0\u00bbrgba(0,0,0,0.65)\u00a0\u00bb background_image=\u00a0\u00bbhttps:\/\/divicabservice.divifixer.com\/wp-content\/uploads\/2022\/03\/divi-taxi-booking-service-image-2.jpg\u00a0\u00bb background_blend=\u00a0\u00bboverlay\u00a0\u00bb custom_padding=\u00a0\u00bb100px||100px||true|false\u00a0\u00bb custom_padding_tablet=\u00a0\u00bb50px||50px||true|false\u00a0\u00bb custom_padding_phone=\u00a0\u00bb50px||50px||true|false\u00a0\u00bb global_colors_info=\u00a0\u00bb{}\u00a0\u00bb][et_pb_row _builder_version=\u00a0\u00bb4.16&Prime; _module_preset=\u00a0\u00bbdefault\u00a0\u00bb width=\u00a0\u00bb90%\u00a0\u00bb max_width=\u00a0\u00bb1200px\u00a0\u00bb custom_padding=\u00a0\u00bb0px||0px||true|false\u00a0\u00bb global_colors_info=\u00a0\u00bb{}\u00a0\u00bb][et_pb_column type=\u00a0\u00bb4_4&Prime; _builder_version=\u00a0\u00bb4.16&Prime; _module_preset=\u00a0\u00bbdefault\u00a0\u00bb global_colors_info=\u00a0\u00bb{}\u00a0\u00bb][et_pb_button button_url=\u00a0\u00bb@ET-DC@eyJkeW5hbWljIjp0cnVlLCJjb250ZW50IjoicG9zdF9saW5rX3VybCIsInNldHRpbmdzIjp7fX0=@\u00a0\u00bb button_text=\u00a0\u00bb@ET-DC@eyJkeW5hbWljIjp0cnVlLCJjb250ZW50IjoicG9zdF90aXRsZSIsInNldHRpbmdzIjp7ImJlZm9yZSI6IiIsImFmdGVyIjoiIn19@\u00a0\u00bb _builder_version=\u00a0\u00bb4.16&Prime; _dynamic_attributes=\u00a0\u00bbbutton_text,button_url\u00a0\u00bb _module_preset=\u00a0\u00bbdefault\u00a0\u00bb custom_button=\u00a0\u00bbon\u00a0\u00bb button_text_size=\u00a0\u00bb45px\u00a0\u00bb button_text_color=\u00a0\u00bb#FFFFFF\u00a0\u00bb button_bg_color=\u00a0\u00bbRGBA(255,255,255,0)\u00a0\u00bb button_border_width=\u00a0\u00bb0px\u00a0\u00bb button_border_radius=\u00a0\u00bb0px\u00a0\u00bb button_letter_spacing=\u00a0\u00bb0.3px\u00a0\u00bb button_font=\u00a0\u00bb|700|||||||\u00a0\u00bb button_use_icon=\u00a0\u00bboff\u00a0\u00bb custom_padding=\u00a0\u00bb0px|0px|0px|0px|true|true\u00a0\u00bb button_text_size_tablet=\u00a0\u00bb45px\u00a0\u00bb button_text_size_phone=\u00a0\u00bb35px\u00a0\u00bb button_text_size_last_edited=\u00a0\u00bbon|phone\u00a0\u00bb global_colors_info=\u00a0\u00bb{}\u00a0\u00bb][\/et_pb_button][\/et_pb_column][\/et_pb_row][et_pb_row use_custom_gutter=\u00a0\u00bbon\u00a0\u00bb gutter_width=\u00a0\u00bb2&Prime; make_equal=\u00a0\u00bbon\u00a0\u00bb _builder_version=\u00a0\u00bb4.16&Prime; _module_preset=\u00a0\u00bbdefault\u00a0\u00bb width=\u00a0\u00bb90%\u00a0\u00bb max_width=\u00a0\u00bb1200px\u00a0\u00bb custom_padding=\u00a0\u00bb15px||0px||false|false\u00a0\u00bb global_colors_info=\u00a0\u00bb{}\u00a0\u00bb][et_pb_column type=\u00a0\u00bb4_4&Prime; _builder_version=\u00a0\u00bb4.16&Prime; _module_preset=\u00a0\u00bbdefault\u00a0\u00bb custom_css_main_element=\u00a0\u00bbdisplay:flex;\u00a0\u00bb global_colors_info=\u00a0\u00bb{}\u00a0\u00bb][et_pb_button button_url=\u00a0\u00bb@ET-DC@eyJkeW5hbWljIjp0cnVlLCJjb250ZW50IjoiaG9tZV91cmwiLCJzZXR0aW5ncyI6e319@\u00a0\u00bb button_text=\u00a0\u00bbHome\u00a0\u00bb _builder_version=\u00a0\u00bb4.16&Prime; _dynamic_attributes=\u00a0\u00bbbutton_url\u00a0\u00bb _module_preset=\u00a0\u00bbdefault\u00a0\u00bb custom_button=\u00a0\u00bbon\u00a0\u00bb button_text_size=\u00a0\u00bb16px\u00a0\u00bb button_text_color=\u00a0\u00bb#FFFFFF\u00a0\u00bb button_bg_color=\u00a0\u00bbRGBA(255,255,255,0)\u00a0\u00bb button_border_width=\u00a0\u00bb0px\u00a0\u00bb button_border_radius=\u00a0\u00bb0px\u00a0\u00bb button_icon=\u00a0\u00bb&#xf105;||fa||900&Prime; button_on_hover=\u00a0\u00bboff\u00a0\u00bb custom_margin=\u00a0\u00bb||0px||false|false\u00a0\u00bb custom_padding=\u00a0\u00bb|||0px|false|false\u00a0\u00bb custom_css_main_element=\u00a0\u00bbfont-weight:400;\u00a0\u00bb custom_css_after=\u00a0\u00bbright:11px;margin:0 !important;\u00a0\u00bb global_colors_info=\u00a0\u00bb{}\u00a0\u00bb][\/et_pb_button][et_pb_button button_url=\u00a0\u00bb@ET-DC@eyJkeW5hbWljIjp0cnVlLCJjb250ZW50IjoiaG9tZV91cmwiLCJzZXR0aW5ncyI6e319@\u00a0\u00bb button_text=\u00a0\u00bb@ET-DC@eyJkeW5hbWljIjp0cnVlLCJjb250ZW50IjoicG9zdF90aXRsZSIsInNldHRpbmdzIjp7ImJlZm9yZSI6IiIsImFmdGVyIjoiIn19@\u00a0\u00bb _builder_version=\u00a0\u00bb4.16&Prime; _dynamic_attributes=\u00a0\u00bbbutton_url,button_text\u00a0\u00bb _module_preset=\u00a0\u00bbdefault\u00a0\u00bb custom_button=\u00a0\u00bbon\u00a0\u00bb button_text_size=\u00a0\u00bb16px\u00a0\u00bb button_bg_color=\u00a0\u00bbRGBA(255,255,255,0)\u00a0\u00bb button_border_width=\u00a0\u00bb0px\u00a0\u00bb button_border_radius=\u00a0\u00bb0px\u00a0\u00bb button_use_icon=\u00a0\u00bboff\u00a0\u00bb custom_margin=\u00a0\u00bb||0px||false|false\u00a0\u00bb custom_padding=\u00a0\u00bb|||0px|false|false\u00a0\u00bb custom_css_main_element=\u00a0\u00bbfont-weight:400;color:var(&#8211;color-1);||\u00a0\u00bb global_colors_info=\u00a0\u00bb{}\u00a0\u00bb][\/et_pb_button][\/et_pb_column][\/et_pb_row][\/et_pb_section][et_pb_section fb_built=\u00a0\u00bb1&Prime; make_equal=\u00a0\u00bbon\u00a0\u00bb use_custom_gutter=\u00a0\u00bbon\u00a0\u00bb gutter_width=\u00a0\u00bb2&Prime; specialty=\u00a0\u00bbon\u00a0\u00bb _builder_version=\u00a0\u00bb4.16&Prime; _module_preset=\u00a0\u00bbdefault\u00a0\u00bb inner_width=\u00a0\u00bb90%\u00a0\u00bb inner_max_width=\u00a0\u00bb1200px\u00a0\u00bb global_colors_info=\u00a0\u00bb{}\u00a0\u00bb][et_pb_column type=\u00a0\u00bb1_2&Prime; specialty_columns=\u00a0\u00bb2&Prime; _builder_version=\u00a0\u00bb4.16&Prime; custom_padding=\u00a0\u00bb|||\u00a0\u00bb global_colors_info=\u00a0\u00bb{}\u00a0\u00bb custom_padding__hover=\u00a0\u00bb|||\u00a0\u00bb][et_pb_row_inner _builder_version=\u00a0\u00bb4.16&Prime; _module_preset=\u00a0\u00bbdefault\u00a0\u00bb global_colors_info=\u00a0\u00bb{}\u00a0\u00bb][et_pb_column_inner saved_specialty_column_type=\u00a0\u00bb1_2&Prime; _builder_version=\u00a0\u00bb4.16&Prime; _module_preset=\u00a0\u00bbdefault\u00a0\u00bb global_colors_info=\u00a0\u00bb{}\u00a0\u00bb admin_label=\u00a0\u00bbColonne\u00a0\u00bb][et_pb_text _builder_version=\u00a0\u00bb4.23.1&Prime; _module_preset=\u00a0\u00bbdefault\u00a0\u00bb text_font=\u00a0\u00bb||||||||\u00a0\u00bb text_font_size=\u00a0\u00bb17px\u00a0\u00bb custom_margin=\u00a0\u00bb|20px|15px||false|false\u00a0\u00bb hover_enabled=\u00a0\u00bb0&Prime; custom_css_main_element=\u00a0\u00bbcolor:var(&#8211;color-1);\u00a0\u00bb global_colors_info=\u00a0\u00bb{}\u00a0\u00bb sticky_enabled=\u00a0\u00bb0&Prime;]<\/p>\n<p><strong>\u00e0 propos<\/strong><\/p>\n<p>[\/et_pb_text][et_pb_text module_class=\u00a0\u00bbdct_title\u00a0\u00bb _builder_version=\u00a0\u00bb4.23.1&Prime; _module_preset=\u00a0\u00bbdefault\u00a0\u00bb header_2_font=\u00a0\u00bb|700|||||||\u00a0\u00bb header_2_text_color=\u00a0\u00bb#000000&Prime; header_2_font_size=\u00a0\u00bb36px\u00a0\u00bb header_2_line_height=\u00a0\u00bb45px\u00a0\u00bb custom_margin=\u00a0\u00bb||10px||false|false\u00a0\u00bb header_2_font_size_tablet=\u00a0\u00bb36px\u00a0\u00bb header_2_font_size_phone=\u00a0\u00bb25px\u00a0\u00bb header_2_font_size_last_edited=\u00a0\u00bbon|phone\u00a0\u00bb header_2_line_height_tablet=\u00a0\u00bb45px\u00a0\u00bb header_2_line_height_phone=\u00a0\u00bb35px\u00a0\u00bb header_2_line_height_last_edited=\u00a0\u00bbon|phone\u00a0\u00bb global_colors_info=\u00a0\u00bb{}\u00a0\u00bb]<\/p>\n<h2>Easy paris shuttle<\/h2>\n<p>[\/et_pb_text][et_pb_text _builder_version=\u00a0\u00bb4.23.1&Prime; _module_preset=\u00a0\u00bbdefault\u00a0\u00bb text_font_size=\u00a0\u00bb15px\u00a0\u00bb text_letter_spacing=\u00a0\u00bb0.3px\u00a0\u00bb text_line_height=\u00a0\u00bb27px\u00a0\u00bb hover_enabled=\u00a0\u00bb0&Prime; custom_css_main_element=\u00a0\u00bbfont-weight:400;\u00a0\u00bb global_colors_info=\u00a0\u00bb{}\u00a0\u00bb custom_margin=\u00a0\u00bb|80px|||false|false\u00a0\u00bb sticky_enabled=\u00a0\u00bb0&Prime;]<\/p>\n<p>EasyParisShuttle, c\u2019est avant tout une \u00e9quipe \u00e0 taille humaine, passionn\u00e9e par son m\u00e9tier et fi\u00e8re d\u2019accompagner chaque client avec s\u00e9rieux et bienveillance.<br \/>Bas\u00e9s en r\u00e9gion parisienne, nous proposons un service de taxi et navette priv\u00e9e vers les a\u00e9roports d\u2019Orly, Roissy\u2013Charles de Gaulle et Disneyland Paris, avec des tarifs forfaitaires fixes, pour un trajet sans stress ni mauvaise surprise \u00e0 l\u2019arriv\u00e9e.<\/p>\n<p>Nous accordons une grande importance \u00e0 la communication avec nos clients, avant et pendant chaque transfert.<br \/>Vous \u00eates inform\u00e9 \u00e0 chaque \u00e9tape, afin de voyager rassur\u00e9, en toute confiance et sans impr\u00e9vu. Nos chauffeurs restent disponibles et \u00e0 l\u2019\u00e9coute pour r\u00e9pondre \u00e0 vos besoins en temps r\u00e9el.<\/p>\n<p>Nous travaillons avec tous types de v\u00e9hicules : des berlines \u00e9l\u00e9gantes pour vos trajets individuels ou professionnels, des vans spacieux pour les familles ou petits groupes, et des minibus pour les d\u00e9placements plus importants.<br \/>Chaque trajet est pens\u00e9 pour s\u2019adapter \u00e0 vos attentes, dans une ambiance agr\u00e9able, conviviale et d\u00e9tendue.<\/p>\n<p>En plus des transferts a\u00e9roport, nous r\u00e9alisons \u00e9galement des missions de transport sur mesure : \u00e9v\u00e9nements, mariages, s\u00e9minaires, visites touristiques ou soir\u00e9es \u00e0 Paris.<br \/>Notre priorit\u00e9 est simple : que chaque d\u00e9placement avec EasyParisShuttle soit une exp\u00e9rience fluide, fiable et agr\u00e9able, du premier contact \u00e0 votre arriv\u00e9e \u00e0 destination.<\/p>\n<p>Avec EasyParisShuttle, vous voyagez l\u2019esprit tranquille, au bon prix et en toute s\u00e9r\u00e9nit\u00e9.<\/p>\n<p>[\/et_pb_text][\/et_pb_column_inner][\/et_pb_row_inner][\/et_pb_column][et_pb_column type=\u00a0\u00bb1_2&Prime; _builder_version=\u00a0\u00bb4.16&Prime; custom_padding=\u00a0\u00bb|||\u00a0\u00bb global_colors_info=\u00a0\u00bb{}\u00a0\u00bb custom_padding__hover=\u00a0\u00bb|||\u00a0\u00bb][et_pb_image src=\u00a0\u00bbhttps:\/\/easyparisshuttle.com\/wp-content\/uploads\/2025\/10\/unnamed.jpg\u00a0\u00bb title_text=\u00a0\u00bbunnamed\u00a0\u00bb _builder_version=\u00a0\u00bb4.23.1&Prime; _module_preset=\u00a0\u00bbdefault\u00a0\u00bb custom_margin=\u00a0\u00bb||0px||false|false\u00a0\u00bb border_radii=\u00a0\u00bbon|20px|20px|20px|20px\u00a0\u00bb global_colors_info=\u00a0\u00bb{}\u00a0\u00bb admin_label=\u00a0\u00bbImage\u00a0\u00bb][\/et_pb_image][\/et_pb_column][\/et_pb_section]<\/p>\n","protected":false},"excerpt":{"rendered":"<p>\u00e0 proposEasy paris shuttleEasyParisShuttle, c\u2019est avant tout une \u00e9quipe \u00e0 taille humaine, passionn\u00e9e par son m\u00e9tier et fi\u00e8re d\u2019accompagner chaque client avec s\u00e9rieux et bienveillance.Bas\u00e9s en r\u00e9gion parisienne, nous proposons un service de taxi et navette priv\u00e9e vers les a\u00e9roports d\u2019Orly, Roissy\u2013Charles de Gaulle et Disneyland Paris, avec des tarifs forfaitaires fixes, pour un trajet [&hellip;]<\/p>\n","protected":false},"author":1,"featured_media":0,"parent":0,"menu_order":0,"comment_status":"closed","ping_status":"closed","template":"","meta":{"_et_pb_use_builder":"on","_et_pb_old_content":"","_et_gb_content_width":"","_monsterinsights_skip_tracking":false,"_monsterinsights_sitenote_active":false,"_monsterinsights_sitenote_note":"","_monsterinsights_sitenote_category":0,"footnotes":""},"class_list":["post-100186","page","type-page","status-publish","hentry"],"yoast_head":"<!-- This site is optimized with the Yoast SEO Premium plugin v24.7 (Yoast SEO v24.7) - https:\/\/yoast.com\/wordpress\/plugins\/seo\/ -->\n<title>Easy Paris Shuttle<\/title>\n<meta name=\"robots\" content=\"index, follow, max-snippet:-1, max-image-preview:large, max-video-preview:-1\" \/>\n<link rel=\"canonical\" href=\"https:\/\/easyparisshuttle.com\/fr_fr\/a-propos\/\" \/>\n<meta property=\"og:locale\" content=\"fr_FR\" \/>\n<meta property=\"og:type\" content=\"article\" \/>\n<meta property=\"og:title\" content=\"A propos\" \/>\n<meta property=\"og:description\" content=\"\u00e0 proposEasy paris shuttleEasyParisShuttle, c\u2019est avant tout une \u00e9quipe \u00e0 taille humaine, passionn\u00e9e par son m\u00e9tier et fi\u00e8re d\u2019accompagner chaque client avec s\u00e9rieux et bienveillance.Bas\u00e9s en r\u00e9gion parisienne, nous proposons un service de taxi et navette priv\u00e9e vers les a\u00e9roports d\u2019Orly, Roissy\u2013Charles de Gaulle et Disneyland Paris, avec des tarifs forfaitaires fixes, pour un trajet [&hellip;]\" \/>\n<meta property=\"og:url\" content=\"https:\/\/easyparisshuttle.com\/fr_fr\/a-propos\/\" \/>\n<meta property=\"og:site_name\" content=\"Easy Paris Shuttle\" \/>\n<meta property=\"article:modified_time\" content=\"2025-11-07T18:09:13+00:00\" \/>\n<meta property=\"og:image\" content=\"https:\/\/easyparisshuttle.com\/wp-content\/uploads\/2023\/12\/Capture_d_ecran_2023-12-01_101048-removebg-preview.png\" \/>\n\t<meta property=\"og:image:width\" content=\"438\" \/>\n\t<meta property=\"og:image:height\" content=\"41\" \/>\n\t<meta property=\"og:image:type\" content=\"image\/png\" \/>\n<meta name=\"twitter:card\" content=\"summary_large_image\" \/>\n<meta name=\"twitter:label1\" content=\"Dur\u00e9e de lecture estim\u00e9e\" \/>\n\t<meta name=\"twitter:data1\" content=\"5 minutes\" \/>\n<script type=\"application\/ld+json\" class=\"yoast-schema-graph\">{\"@context\":\"https:\/\/schema.org\",\"@graph\":[{\"@type\":\"WebPage\",\"@id\":\"https:\/\/easyparisshuttle.com\/fr_fr\/a-propos\/\",\"url\":\"https:\/\/easyparisshuttle.com\/fr_fr\/a-propos\/\",\"name\":\"Easy Paris Shuttle\",\"isPartOf\":{\"@id\":\"https:\/\/easyparisshuttle.com\/#website\"},\"datePublished\":\"2023-12-07T16:51:56+00:00\",\"dateModified\":\"2025-11-07T18:09:13+00:00\",\"breadcrumb\":{\"@id\":\"https:\/\/easyparisshuttle.com\/fr_fr\/a-propos\/#breadcrumb\"},\"inLanguage\":\"fr-FR\",\"potentialAction\":[{\"@type\":\"ReadAction\",\"target\":[\"https:\/\/easyparisshuttle.com\/fr_fr\/a-propos\/\"]}]},{\"@type\":\"BreadcrumbList\",\"@id\":\"https:\/\/easyparisshuttle.com\/fr_fr\/a-propos\/#breadcrumb\",\"itemListElement\":[{\"@type\":\"ListItem\",\"position\":1,\"name\":\"Accueil\",\"item\":\"https:\/\/easyparisshuttle.com\/\"},{\"@type\":\"ListItem\",\"position\":2,\"name\":\"A propos\"}]},{\"@type\":\"WebSite\",\"@id\":\"https:\/\/easyparisshuttle.com\/#website\",\"url\":\"https:\/\/easyparisshuttle.com\/\",\"name\":\"\ud83d\ude96 Easy Paris Shuttle - Chauffeur Priv\u00e9 & Taxi \u00e0 Paris | Transferts A\u00e9roport\",\"description\":\"L\u2019Excellence du Transport Priv\u00e9 \u00e0 Paris.\",\"publisher\":{\"@id\":\"https:\/\/easyparisshuttle.com\/#organization\"},\"alternateName\":\"\ud83d\udc49 Easy Paris Shuttle - Chauffeur Priv\u00e9 & Taxi \u00e0 Paris\",\"potentialAction\":[{\"@type\":\"SearchAction\",\"target\":{\"@type\":\"EntryPoint\",\"urlTemplate\":\"https:\/\/easyparisshuttle.com\/?s={search_term_string}\"},\"query-input\":{\"@type\":\"PropertyValueSpecification\",\"valueRequired\":true,\"valueName\":\"search_term_string\"}}],\"inLanguage\":\"fr-FR\"},{\"@type\":\"Organization\",\"@id\":\"https:\/\/easyparisshuttle.com\/#organization\",\"name\":\"\ud83d\udc49 Easy Paris Shuttle - Chauffeur Priv\u00e9 & Taxi \u00e0 Paris\",\"alternateName\":\"\ud83d\ude96 Easy Paris Shuttle \u2013 L\u2019Excellence du Transport Priv\u00e9 \u00e0 Paris.\",\"url\":\"https:\/\/easyparisshuttle.com\/\",\"logo\":{\"@type\":\"ImageObject\",\"inLanguage\":\"fr-FR\",\"@id\":\"https:\/\/easyparisshuttle.com\/#\/schema\/logo\/image\/\",\"url\":\"https:\/\/easyparisshuttle.com\/wp-content\/uploads\/2023\/12\/cropped-Capture_d_ecran_2023-12-01_101048-removebg-preview.png\",\"contentUrl\":\"https:\/\/easyparisshuttle.com\/wp-content\/uploads\/2023\/12\/cropped-Capture_d_ecran_2023-12-01_101048-removebg-preview.png\",\"width\":512,\"height\":512,\"caption\":\"\ud83d\udc49 Easy Paris Shuttle - Chauffeur Priv\u00e9 & Taxi \u00e0 Paris\"},\"image\":{\"@id\":\"https:\/\/easyparisshuttle.com\/#\/schema\/logo\/image\/\"}}]}<\/script>\n<!-- \/ Yoast SEO Premium plugin. -->","yoast_head_json":{"title":"Easy Paris Shuttle","robots":{"index":"index","follow":"follow","max-snippet":"max-snippet:-1","max-image-preview":"max-image-preview:large","max-video-preview":"max-video-preview:-1"},"canonical":"https:\/\/easyparisshuttle.com\/fr_fr\/a-propos\/","og_locale":"fr_FR","og_type":"article","og_title":"A propos","og_description":"\u00e0 proposEasy paris shuttleEasyParisShuttle, c\u2019est avant tout une \u00e9quipe \u00e0 taille humaine, passionn\u00e9e par son m\u00e9tier et fi\u00e8re d\u2019accompagner chaque client avec s\u00e9rieux et bienveillance.Bas\u00e9s en r\u00e9gion parisienne, nous proposons un service de taxi et navette priv\u00e9e vers les a\u00e9roports d\u2019Orly, Roissy\u2013Charles de Gaulle et Disneyland Paris, avec des tarifs forfaitaires fixes, pour un trajet [&hellip;]","og_url":"https:\/\/easyparisshuttle.com\/fr_fr\/a-propos\/","og_site_name":"Easy Paris Shuttle","article_modified_time":"2025-11-07T18:09:13+00:00","og_image":[{"width":438,"height":41,"url":"https:\/\/easyparisshuttle.com\/wp-content\/uploads\/2023\/12\/Capture_d_ecran_2023-12-01_101048-removebg-preview.png","type":"image\/png"}],"twitter_card":"summary_large_image","twitter_misc":{"Dur\u00e9e de lecture estim\u00e9e":"5 minutes"},"schema":{"@context":"https:\/\/schema.org","@graph":[{"@type":"WebPage","@id":"https:\/\/easyparisshuttle.com\/fr_fr\/a-propos\/","url":"https:\/\/easyparisshuttle.com\/fr_fr\/a-propos\/","name":"Easy Paris Shuttle","isPartOf":{"@id":"https:\/\/easyparisshuttle.com\/#website"},"datePublished":"2023-12-07T16:51:56+00:00","dateModified":"2025-11-07T18:09:13+00:00","breadcrumb":{"@id":"https:\/\/easyparisshuttle.com\/fr_fr\/a-propos\/#breadcrumb"},"inLanguage":"fr-FR","potentialAction":[{"@type":"ReadAction","target":["https:\/\/easyparisshuttle.com\/fr_fr\/a-propos\/"]}]},{"@type":"BreadcrumbList","@id":"https:\/\/easyparisshuttle.com\/fr_fr\/a-propos\/#breadcrumb","itemListElement":[{"@type":"ListItem","position":1,"name":"Accueil","item":"https:\/\/easyparisshuttle.com\/"},{"@type":"ListItem","position":2,"name":"A propos"}]},{"@type":"WebSite","@id":"https:\/\/easyparisshuttle.com\/#website","url":"https:\/\/easyparisshuttle.com\/","name":"\ud83d\ude96 Easy Paris Shuttle - Chauffeur Priv\u00e9 & Taxi \u00e0 Paris | Transferts A\u00e9roport","description":"L\u2019Excellence du Transport Priv\u00e9 \u00e0 Paris.","publisher":{"@id":"https:\/\/easyparisshuttle.com\/#organization"},"alternateName":"\ud83d\udc49 Easy Paris Shuttle - Chauffeur Priv\u00e9 & Taxi \u00e0 Paris","potentialAction":[{"@type":"SearchAction","target":{"@type":"EntryPoint","urlTemplate":"https:\/\/easyparisshuttle.com\/?s={search_term_string}"},"query-input":{"@type":"PropertyValueSpecification","valueRequired":true,"valueName":"search_term_string"}}],"inLanguage":"fr-FR"},{"@type":"Organization","@id":"https:\/\/easyparisshuttle.com\/#organization","name":"\ud83d\udc49 Easy Paris Shuttle - Chauffeur Priv\u00e9 & Taxi \u00e0 Paris","alternateName":"\ud83d\ude96 Easy Paris Shuttle \u2013 L\u2019Excellence du Transport Priv\u00e9 \u00e0 Paris.","url":"https:\/\/easyparisshuttle.com\/","logo":{"@type":"ImageObject","inLanguage":"fr-FR","@id":"https:\/\/easyparisshuttle.com\/#\/schema\/logo\/image\/","url":"https:\/\/easyparisshuttle.com\/wp-content\/uploads\/2023\/12\/cropped-Capture_d_ecran_2023-12-01_101048-removebg-preview.png","contentUrl":"https:\/\/easyparisshuttle.com\/wp-content\/uploads\/2023\/12\/cropped-Capture_d_ecran_2023-12-01_101048-removebg-preview.png","width":512,"height":512,"caption":"\ud83d\udc49 Easy Paris Shuttle - Chauffeur Priv\u00e9 & Taxi \u00e0 Paris"},"image":{"@id":"https:\/\/easyparisshuttle.com\/#\/schema\/logo\/image\/"}}]}},"_links":{"self":[{"href":"https:\/\/easyparisshuttle.com\/fr_fr\/wp-json\/wp\/v2\/pages\/100186","targetHints":{"allow":["GET"]}}],"collection":[{"href":"https:\/\/easyparisshuttle.com\/fr_fr\/wp-json\/wp\/v2\/pages"}],"about":[{"href":"https:\/\/easyparisshuttle.com\/fr_fr\/wp-json\/wp\/v2\/types\/page"}],"author":[{"embeddable":true,"href":"https:\/\/easyparisshuttle.com\/fr_fr\/wp-json\/wp\/v2\/users\/1"}],"replies":[{"embeddable":true,"href":"https:\/\/easyparisshuttle.com\/fr_fr\/wp-json\/wp\/v2\/comments?post=100186"}],"version-history":[{"count":4,"href":"https:\/\/easyparisshuttle.com\/fr_fr\/wp-json\/wp\/v2\/pages\/100186\/revisions"}],"predecessor-version":[{"id":100620,"href":"https:\/\/easyparisshuttle.com\/fr_fr\/wp-json\/wp\/v2\/pages\/100186\/revisions\/100620"}],"wp:attachment":[{"href":"https:\/\/easyparisshuttle.com\/fr_fr\/wp-json\/wp\/v2\/media?parent=100186"}],"curies":[{"name":"wp","href":"https:\/\/api.w.org\/{rel}","templated":true}]}}