{"id":91368,"date":"2022-03-02T06:19:08","date_gmt":"2022-03-02T06:19:08","guid":{"rendered":"https:\/\/divicabservice.divifixer.com\/?page_id=31"},"modified":"2023-12-07T16:17:53","modified_gmt":"2023-12-07T15:17:53","slug":"contact-us","status":"publish","type":"page","link":"https:\/\/easyparisshuttle.com\/es\/contact-us\/","title":{"rendered":"P\u00f3ngase en contacto con nosotros"},"content":{"rendered":"<p>[et_pb_section fb_built=\"1\u2033 custom_padding_last_edited=\"on|tablet \" _builder_version=\"4.16\u2033 _module_preset=\"default \" background_color=\"rgba(0,0,0.65) \" background_image=\"https:\/\/divicabservice.divifixer.com\/wp-content\/uploads\/2022\/03\/divi-taxi-booking-service-image-2.jpg \" background_blend= \"overlay \" custom_padding= \"100px||100px||true|false \" custom_padding_tablet= \"50px||50px||true|false \" custom_padding_phone= \"50px||50px||true|false \" global_colors_info=\"{} \"][et_pb_row _builder_version=\"4.16\u2033 _module_preset=\"default \" width=\"90% \" max_width=\"1200px \" custom_padding=\"0px||0px||true|false \" global_colors_info=\"{} \"][et_pb_column type=\"4_4\u2033 _builder_version=\"4.16\u2033 _module_preset=\"default \" global_colors_info=\"{} \"][et_pb_button button_url=\"@ET-DC@eyJkeW5hbWljIjp0cnVlLCJjb250ZW50IjoicG9zdF9saW5rX3VybCIsInNldHRpbmdzIjp7fX0=@ \" button_text=\"@ET-DC@eyJkeW5hbWljIjp0cnVlLCJjb250ZW50IjoicG9zdF90aXRsZSIsInNldHRpbmdzIjp7ImJlZm9yZSI6IiIsImFmdGVyIjoiIn19@ \" _builder_version=\"4.16\u2033 _dynamic_attributes=\"button_text,button_url \" _module_preset=\"default \" custom_button=\"on \" button_text_size=\"45px \" button_text_color=\"#FFFFFF \" button_bg_color=\"RGBA(255,255,255,0) \" button_border_width=\"0px \" button_border_radius=\"0px \" button_letter_spacing=\"0.3px \" button_font=\"|700||||||| \" button_use_icon=\"off \" custom_padding=\"0px|0px|0px|0px|true|true \" button_text_size_tablet=\"45px \" button_text_size_phone=\"35px \" button_text_size_last_edited= \"on|phone \" global_colors_info=\"{} \"][\/et_pb_button][\/et_pb_column][\/et_pb_row][et_pb_row use_custom_gutter=\"on \" gutter_width=\"2\u2033 make_equal=\"on \" _builder_version=\"4.16\u2033 _module_preset=\"default \" width=\"90% \" max_width=\"1200px \" custom_padding=\"15px||0px||false|false \" global_colors_info=\"{}\"][et_pb_column type=\"4_4\u2033 _builder_version=\"4.16\u2033 _module_preset=\"default \" custom_css_main_element=\"display:flex; \" global_colors_info=\"{} \"][et_pb_button button_url=\"@ET-DC@eyJkeW5hbWljIjp0cnVlLCJjb250ZW50IjoiaG9tZV91cmwiLCJzZXR0aW5ncyI6e319@ \" button_text=\"Inicio \" _builder_version=\"4.16\u2033 _dynamic_attributes=\"button_url \" _module_preset=\"default \" custom_button=\"on \" button_text_size=\"16px \" button_text_color=\"#FFFFFF \" button_bg_color=\"RGBA(255,255,255,0) \" button_border_width=\"0px \" button_border_radius=\"0px \" button_icon=\"\uf105||fa||900\u2033 button_on_hover=\"off \" custom_margin=\"||0px||false|false \" custom_padding=\"||0px|false|false \" custom_css_main_element=\"font-weight:\u00a1400; \" custom_css_after=\"right:11px;margin:0 !important; \" global_colors_info=\"{}\"][\/et_pb_button][et_pb_button button_url=\"@ET-DC@eyJkeW5hbWljIjp0cnVlLCJjb250ZW50IjoiaG9tZV91cmwiLCJzZXR0aW5ncyI6e319@\" button_text=\"@ET-DC@eyJkeW5hbWljIjp0cnVlLCJjb250ZW50IjoicG9zdF90aXRsZSIsInNldHRpbmdzIjp7ImJlZm9yZSI6IiIsImFmdGVyIjoiIn19@ \" _builder_version=\"4.16\u2033 _dynamic_attributes=\"button_url,button_text \" _module_preset=\"default \" custom_button=\"on \" button_text_size=\"16px \" button_bg_color=\"RGBA(255,255,255,0) \" button_border_width=\"0px \" button_border_radius=\"0px \" button_use_icon=\"off \" custom_margin=\"||0px||false|false \" custom_padding=\"||0px|false|false \" custom_css_main_element=\"font-weight:400;color:var(-color-1);||| \" global_colors_info=\"{} \"][\/et_pb_button][\/et_pb_column][\/et_pb_row][\/et_pb_section][et_pb_section fb_built=\"1\u2033 _builder_version=\"4.16\u2033 _module_preset=\"default \" custom_padding=\"30px||30px|||true|false \" global_colors_info=\"{}\"][et_pb_row column_structure=\"1_2,1_2\u2033 use_custom_gutter=\"on \" gutter_width=\"2\u2033 make_equal=\"on \" _builder_version=\"4.16\u2033 _module_preset=\"default \" width=\"90% \" max_width=\"1200px \" locked=\"off \" global_colors_info=\"{} \"][et_pb_column type=\"1_2\u2033 _builder_version=\"4.16\u2033 _module_preset=\"default \" global_colors_info=\"{} \"][et_pb_text _builder_version=\"4.16\u2033 _module_preset=\"default \" text_font=\"|||||||| \" text_font_size=\"17px \" custom_margin=\"||15px||false|false \" custom_css_main_element=\"color:var(-color-1); \" global_colors_info=\"{} \"]Contacta con nosotros[\/et_pb_text][et_pb_text module_class=\"dct_title \" _builder_version=\"4.16\u2033 _module_preset=\"default \" header_2_font=\"|700||||||| \" header_2_text_color=\"#000000\u2033 header_2_font_size=\"32px \" header_2_line_height=\"45px \" custom_margin=\"||10px||false|false \" header_2_font_size_tablet=\"32px \" header_2_font_size_phone=\"25px \" header_2_font_size_last_edited=\"on|phone \" header_2_line_height_tablet=\"45px \" header_2_line_height_phone=\"35px \" header_2_line_height_last_edited=\"on|phone \" global_colors_info=\"{}\"]<\/p>\n<h2>P\u00f3ngase en contacto<\/h2>\n<p>[\/et_pb_text][et_pb_text _builder_version=\"4.16\u2033 _module_preset=\"default \" text_font_size=\"15px \" text_letter_spacing=\"0.3px \" text_line_height=\"27px \" custom_margin=\"||40px||false|false \" custom_css_main_element=\"font-weight:400; \" global_colors_info=\"{} \"]Lorem ipsum dolor sit amet consectetuer adipiscing elit. Aenean commodo ligula eget dolor. dolor sit amet consectetuer adipiscing elit.[\/et_pb_text][et_pb_blurb title=\"Ubicaci\u00f3n \" use_icon=\"on\" font_icon=\"\uf5a0||fa||900\u2033 icon_color=\"#FFFFFF\" icon_placement=\"left\" content_max_width=\"100%\" module_class=\"dct_blurb_cnt\" _builder_version=\"4.16\u2033 _module_preset=\"default \" header_text_color=\"#000000\u2033 header_font_size=\"19px \" body_text_color=\"rgba(0,0,0.57)\" custom_margin=\"||30px||false|false\" custom_padding=\"||0px||false|false\" locked=\"off\" global_colors_info=\"{}\"]Lorem ipsum dolor sit amet,[\/et_pb_blurb][et_pb_blurb title=\"Tel\u00e9fono \" use_icon=\"on \" font_icon=\"\ue090||divi||400\u2033 icon_color=\"#FFFFFF \" icon_placement=\"left \" content_max_width=\"100% \" module_class=\"dct_blurb_cnt \" _builder_version=\"4.16\u2033 _module_preset=\"default \" header_text_color=\"#000000\u2033 header_font_size=\"19px \" body_text_color=\"rgba(0,0,0.57) \" custom_margin=\"||30px||false|false \" custom_padding=\"||0px||false|false \" locked=\"off \" global_colors_info=\"{} \"](01) - 23456 \/ 7896[\/et_pb_blurb][et_pb_blurb title=\"Correo electr\u00f3nico \" use_icon=\"on\" font_icon=\"\ue076||divi||400\u2033 icon_color=\"#FFFFFF\" icon_placement=\"left\" content_max_width=\"100%\" module_class=\"dct_blurb_cnt\" _builder_version=\"4.16\u2033 _module_preset=\"default \" header_text_color=\"#000000\u2033 header_font_size=\"19px \" body_text_color=\"rgba(0,0,0.57) \" custom_margin=\"||30px||false|false \" custom_padding=\"||30px||false|false \" border_width_bottom=\"1px \" border_color_bottom=\"rgba(0,0,0.12) \" locked=\"off \" global_colors_info=\"{} \"]info@example.com[\/et_pb_blurb][et_pb_social_media_follow _builder_version=\"4.16\u2033 _module_preset=\"default \" global_colors_info=\"{} \"][et_pb_social_media_follow_network social_network=\"facebook \" _builder_version=\"4.\u00a116\u2033 _module_preset=\"default \" background_color=\"#3b5998\u2033 custom_padding=\"5px|5px|5px|5px|true|true \" custom_css_social_icon=\"background:var(-color-2) !\u00a1important; \" border_radii=\"on|8px|8px|8px|8px \" global_colors_info=\"{} \" custom_css_social_icon__hover_enabled=\"on|hover \" custom_css_social_icon__hover=\"background:var(-color-1) !important; \" follow_button=\"off \" url_new_window=\"on \"]facebook[\/et_pb_social_media_follow_network][et_pb_social_media_follow_network social_network=\"twitter \" _builder_version=\"4.\u00a116\u2033 _module_preset=\"default \" background_color=\"#3b5998\u2033 custom_padding=\"5px|5px|5px|5px|true|true \" custom_css_social_icon=\"background:var(-color-2) !\u00a1important; \" border_radii=\"on|8px|8px|8px|8px \" global_colors_info=\"{} \" custom_css_social_icon__hover=\"background:var(-color-1) !important; \" custom_css_social_icon__hover_enabled=\"on|hover \" follow_button=\"off \" url_new_window=\"on \"]twitter[\/et_pb_social_media_follow_network][et_pb_social_media_follow_network social_network=\"instagram \" _builder_version=\"4.\u00a116\u2033 _module_preset=\"default \" background_color=\"#3b5998\u2033 custom_padding=\"5px|5px|5px|5px|true|true \" custom_css_social_icon=\"background:var(-color-2) !\u00a1important; \" border_radii=\"on|8px|8px|8px|8px \" global_colors_info=\"{} \" custom_css_social_icon__hover=\"background:var(-color-1) !important; \" custom_css_social_icon__hover_enabled=\"on|hover \" follow_button=\"off \" url_new_window=\"on \"]instagram[\/et_pb_social_media_follow_network][et_pb_social_media_follow_network social_network=\"linkedin \" _builder_version=\"4.\u00a116\u2033 _module_preset=\"default \" background_color=\"#3b5998\u2033 custom_padding=\"5px|5px|5px|5px|true|true \" custom_css_social_icon=\"background:var(-color-2) !\u00a1important; \" border_radii=\"on|8px|8px|8px|8px \" global_colors_info=\"{} \" custom_css_social_icon__hover=\"background:var(-color-1) !important; \" custom_css_social_icon__hover_enabled=\"on|hover \" follow_button=\"off \" url_new_window=\"on \"]linkedin[\/et_pb_social_media_follow_network][\/et_pb_social_media_follow][\/et_pb_column][et_pb_column type=\"1_2\u2033 _builder_version=\"4.16\u2033 _module_preset=\"default \" global_colors_info=\"{} \"][et_pb_contact_form captcha=\"off \" submit_button_text=\"Enviar mensaje \" module_class=\"dct_cnt_form \" _builder_version=\"4.16\u2033 _module_preset=\"default \" _unique_id=\"032359b9-deae-418f-882f-fe26643062b4\u2033 form_field_background_color=\"RGBA(255,255,255,0) \" custom_button=\"on \" button_text_size=\"16px \" button_text_color=\"#FFFFFF \" button_border_width=\"0px \" button_border_radius=\"10px \" button_use_icon=\"off \" button_custom_margin=\"10px||||false|false \" button_custom_padding=\"14px|25px|14px|25px|true|true \" custom_padding=\"50px|30px|50px|30px|true|true \" custom_css_main_element=\"box-sombra: 0px 0px 10px 0px rgba(0, 0, 0, 0.1); \" custom_css_contact_button=\"background:var(-color-1);||margin-left: 0;|display: block;||width: 100%;\" border_radii=\"on|10px|10px|10px|10px \" border_width_all=\"1px \" border_color_all=\"rgba(0,0,0,0.11) \" global_colors_info=\"{} \" custom_css_contact_button__hover_enabled=\"on|hover \" custom_css_contact_button__hover=\"background:var(-color-2);\"][et_pb_contact_field field_id=\"Nombre \" field_title=\"Nombre \" _builder_version=\"4.16\u2033 global_colors_info=\"{} \" button_text_size__hover_enabled=\"off \" button_one_text_size__hover_enabled=\"off \" button_two_text_size__hover_enabled=\"off \" button_text_color__hover_enabled=\"off \" button_one_text_color__hover_enabled=\"off \" button_two_text_color__hover_enabled= \"off \" button_border_width__hover_enabled=\"off \" button_one_border_width__hover_enabled=\"off \" button_two_border_width__hover_enabled=\"off \" button_border_color__hover_enabled=\"off \" button_one_border_color__hover_enabled=\"off \" button_two_border_color__hover_enabled=\"off \"off\" button_border_radius__hover_enabled=\"off \" button_one_border_radius__hover_enabled=\"off \" button_two_border_radius__hover_enabled=\"off \" button_letter_spacing__hover_enabled=\"off \" button_one_letter_spacing__hover_enabled=\"off \" button_two_letter_spacing__hover_enabled=\"off \"off\" button_bg_color__hover_enabled=\"off\" button_one_bg_color__hover_enabled=\"off\" button_two_bg_color__hover_enabled=\"off\"][\/et_pb_contact_field][et_pb_contact_field field_id=\"Correo electr\u00f3nico\" field_title=\"Direcci\u00f3n de correo electr\u00f3nico\" field_type=\"correo electr\u00f3nico\" _builder_version=\"4.16\u2033 global_colors_info=\"{} \" button_text_size__hover_enabled=\"off \" button_one_text_size__hover_enabled=\"off \" button_two_text_size__hover_enabled=\"off \" button_text_color__hover_enabled=\"off \" button_one_text_color__hover_enabled=\"off \" button_two_text_color__hover_enabled= \"off \" button_border_width__hover_enabled=\"off \" button_one_border_width__hover_enabled=\"off \" button_two_border_width__hover_enabled=\"off \" button_border_color__hover_enabled=\"off \" button_one_border_color__hover_enabled=\"off \" button_two_border_color__hover_enabled=\"off \"off\" button_border_radius__hover_enabled=\"off \" button_one_border_radius__hover_enabled=\"off \" button_two_border_radius__hover_enabled=\"off \" button_letter_spacing__hover_enabled=\"off \" button_one_letter_spacing__hover_enabled=\"off \" button_two_letter_spacing__hover_enabled=\"off \"off\" button_bg_color__hover_enabled=\"off\" button_one_bg_color__hover_enabled=\"off\" button_two_bg_color__hover_enabled=\"off\"][\/et_pb_contact_field][et_pb_contact_field field_id=\"asunto\" field_title=\"Asunto\" fullwidth_field=\"on\" _builder_version=\"4.16\u2033 global_colors_info=\"{} \" button_text_size__hover_enabled=\"off \" button_one_text_size__hover_enabled=\"off \" button_two_text_size__hover_enabled=\"off \" button_text_color__hover_enabled=\"off \" button_one_text_color__hover_enabled=\"off \" button_two_text_color__hover_enabled= \"off \" button_border_width__hover_enabled=\"off \" button_one_border_width__hover_enabled=\"off \" button_two_border_width__hover_enabled=\"off \" button_border_color__hover_enabled=\"off \" button_one_border_color__hover_enabled=\"off \" button_two_border_color__hover_enabled=\"off \" button_border_radius__hover_enabled=\"off \" button_one_border_radius__hover_enabled=\"off \" button_two_border_radius__hover_enabled=\"off \" button_letter_spacing__hover_enabled=\"off \" button_one_letter_spacing__hover_enabled=\"off \" button_two_letter_spacing__hover_enabled=\"off \" button_bg_color__hover_enabled=\"off \" button_one_bg_color__hover_enabled=\"off \" button_two_bg_color__hover_enabled=\"off\"][\/et_pb_contact_field][et_pb_contact_field field_id=\"Mensaje\" field_title=\"Mensaje\" field_type=\"text\" fullwidth_field=\"on \" _builder_version=\"4.16\u2033 global_colors_info=\"{} \" button_text_size__hover_enabled=\"off \" button_one_text_size__hover_enabled=\"off \" button_two_text_size__hover_enabled=\"off \" button_text_color__hover_enabled=\"off \" button_one_text_color__hover_enabled=\"off \" button_two_text_color__hover_enabled=\"desactivado \" button_border_width__hover_enabled=\"desactivado \" button_one_border_width__hover_enabled=\"desactivado \" button_two_border_width__hover_enabled=\"desactivado \" button_border_color__hover_enabled=\"desactivado \" button_one_border_color__hover_enabled=\"desactivado \" button_two_text_color__hover_enabled=\"desactivado button_two_border_color__hover_enabled=\"off \" button_border_radius__hover_enabled=\"off \" button_one_border_radius__hover_enabled=\"off \" button_two_border_radius__hover_enabled=\"off \" button_letter_spacing__hover_enabled=\"off \" button_one_letter_spacing__hover_enabled=\"off \"off \" button_two_letter_spacing__hover_enabled=\"off \" button_bg_color__hover_enabled=\"off \" button_one_bg_color__hover_enabled= \"off \" button_two_bg_color__hover_enabled=\"off \"][\/et_pb_contact_field][\/et_pb_contact_form][\/et_pb_column][\/et_pb_row][\/et_pb_section]<\/p>","protected":false},"excerpt":{"rendered":"<p>ContactoP\u00f3ngase en contacto con nosotrosLorem ipsum dolor sit amet consectetuer adipiscing elit. Aenean commodo ligula eget dolor. dolor sit amet consectetuer adipiscing elit.Lorem ipsum dolor sit amet,(01) - 23456 \/ 7896info@example.com<\/p>","protected":false},"author":1,"featured_media":0,"parent":0,"menu_order":0,"comment_status":"closed","ping_status":"closed","template":"","meta":{"_et_pb_use_builder":"on","_et_pb_old_content":"","_et_gb_content_width":"","_monsterinsights_skip_tracking":false,"_monsterinsights_sitenote_active":false,"_monsterinsights_sitenote_note":"","_monsterinsights_sitenote_category":0,"footnotes":""},"class_list":["post-91368","page","type-page","status-publish","hentry"],"yoast_head":"<!-- This site is optimized with the Yoast SEO Premium plugin v24.7 (Yoast SEO v24.7) - https:\/\/yoast.com\/wordpress\/plugins\/seo\/ -->\n<title>Easy Paris Shuttle<\/title>\n<meta name=\"robots\" content=\"index, follow, max-snippet:-1, max-image-preview:large, max-video-preview:-1\" \/>\n<link rel=\"canonical\" href=\"https:\/\/easyparisshuttle.com\/es\/contact-us\/\" \/>\n<meta property=\"og:locale\" content=\"es_ES\" \/>\n<meta property=\"og:type\" content=\"article\" \/>\n<meta property=\"og:title\" content=\"Contact us\" \/>\n<meta property=\"og:description\" content=\"Contact UsGet In TouchLorem ipsum dolor sit amet consectetuer adipiscing elit. Aenean commodo ligula eget dolor. dolor sit amet consectetuer adipiscing elit.Lorem ipsum dolor sit amet,(01) - 23456 \/ 7896info@example.com\" \/>\n<meta property=\"og:url\" content=\"https:\/\/easyparisshuttle.com\/es\/contact-us\/\" \/>\n<meta property=\"og:site_name\" content=\"Easy Paris Shuttle\" \/>\n<meta property=\"article:modified_time\" content=\"2023-12-07T15:17:53+00:00\" \/>\n<meta property=\"og:image\" content=\"https:\/\/easyparisshuttle.com\/wp-content\/uploads\/2023\/12\/Capture_d_ecran_2023-12-01_101048-removebg-preview.png\" \/>\n\t<meta property=\"og:image:width\" content=\"438\" \/>\n\t<meta property=\"og:image:height\" content=\"41\" \/>\n\t<meta property=\"og:image:type\" content=\"image\/png\" \/>\n<meta name=\"twitter:card\" content=\"summary_large_image\" \/>\n<meta name=\"twitter:label1\" content=\"Tiempo de lectura\" \/>\n\t<meta name=\"twitter:data1\" content=\"10 minutos\" \/>\n<script type=\"application\/ld+json\" class=\"yoast-schema-graph\">{\"@context\":\"https:\/\/schema.org\",\"@graph\":[{\"@type\":\"WebPage\",\"@id\":\"https:\/\/easyparisshuttle.com\/contact-us\/\",\"url\":\"https:\/\/easyparisshuttle.com\/contact-us\/\",\"name\":\"Easy Paris Shuttle\",\"isPartOf\":{\"@id\":\"https:\/\/easyparisshuttle.com\/#website\"},\"datePublished\":\"2022-03-02T06:19:08+00:00\",\"dateModified\":\"2023-12-07T15:17:53+00:00\",\"breadcrumb\":{\"@id\":\"https:\/\/easyparisshuttle.com\/contact-us\/#breadcrumb\"},\"inLanguage\":\"es\",\"potentialAction\":[{\"@type\":\"ReadAction\",\"target\":[\"https:\/\/easyparisshuttle.com\/contact-us\/\"]}]},{\"@type\":\"BreadcrumbList\",\"@id\":\"https:\/\/easyparisshuttle.com\/contact-us\/#breadcrumb\",\"itemListElement\":[{\"@type\":\"ListItem\",\"position\":1,\"name\":\"Accueil\",\"item\":\"https:\/\/easyparisshuttle.com\/\"},{\"@type\":\"ListItem\",\"position\":2,\"name\":\"Contact us\"}]},{\"@type\":\"WebSite\",\"@id\":\"https:\/\/easyparisshuttle.com\/#website\",\"url\":\"https:\/\/easyparisshuttle.com\/\",\"name\":\"\ud83d\ude96 Easy Paris Shuttle - Chauffeur Priv\u00e9 & Taxi \u00e0 Paris | Transferts A\u00e9roport\",\"description\":\"L\u2019Excellence du Transport Priv\u00e9 \u00e0 Paris.\",\"publisher\":{\"@id\":\"https:\/\/easyparisshuttle.com\/#organization\"},\"alternateName\":\"\ud83d\udc49 Easy Paris Shuttle - Chauffeur Priv\u00e9 & Taxi \u00e0 Paris\",\"potentialAction\":[{\"@type\":\"SearchAction\",\"target\":{\"@type\":\"EntryPoint\",\"urlTemplate\":\"https:\/\/easyparisshuttle.com\/?s={search_term_string}\"},\"query-input\":{\"@type\":\"PropertyValueSpecification\",\"valueRequired\":true,\"valueName\":\"search_term_string\"}}],\"inLanguage\":\"es\"},{\"@type\":\"Organization\",\"@id\":\"https:\/\/easyparisshuttle.com\/#organization\",\"name\":\"\ud83d\udc49 Easy Paris Shuttle - Chauffeur Priv\u00e9 & Taxi \u00e0 Paris\",\"alternateName\":\"\ud83d\ude96 Easy Paris Shuttle \u2013 L\u2019Excellence du Transport Priv\u00e9 \u00e0 Paris.\",\"url\":\"https:\/\/easyparisshuttle.com\/\",\"logo\":{\"@type\":\"ImageObject\",\"inLanguage\":\"es\",\"@id\":\"https:\/\/easyparisshuttle.com\/#\/schema\/logo\/image\/\",\"url\":\"https:\/\/easyparisshuttle.com\/wp-content\/uploads\/2023\/12\/cropped-Capture_d_ecran_2023-12-01_101048-removebg-preview.png\",\"contentUrl\":\"https:\/\/easyparisshuttle.com\/wp-content\/uploads\/2023\/12\/cropped-Capture_d_ecran_2023-12-01_101048-removebg-preview.png\",\"width\":512,\"height\":512,\"caption\":\"\ud83d\udc49 Easy Paris Shuttle - Chauffeur Priv\u00e9 & Taxi \u00e0 Paris\"},\"image\":{\"@id\":\"https:\/\/easyparisshuttle.com\/#\/schema\/logo\/image\/\"}}]}<\/script>\n<!-- \/ Yoast SEO Premium plugin. -->","yoast_head_json":{"title":"Easy Paris Shuttle","robots":{"index":"index","follow":"follow","max-snippet":"max-snippet:-1","max-image-preview":"max-image-preview:large","max-video-preview":"max-video-preview:-1"},"canonical":"https:\/\/easyparisshuttle.com\/es\/contact-us\/","og_locale":"es_ES","og_type":"article","og_title":"Contact us","og_description":"Contact UsGet In TouchLorem ipsum dolor sit amet consectetuer adipiscing elit. Aenean commodo ligula eget dolor. dolor sit amet consectetuer adipiscing elit.Lorem ipsum dolor sit amet,(01) - 23456 \/ 7896info@example.com","og_url":"https:\/\/easyparisshuttle.com\/es\/contact-us\/","og_site_name":"Easy Paris Shuttle","article_modified_time":"2023-12-07T15:17:53+00:00","og_image":[{"width":438,"height":41,"url":"https:\/\/easyparisshuttle.com\/wp-content\/uploads\/2023\/12\/Capture_d_ecran_2023-12-01_101048-removebg-preview.png","type":"image\/png"}],"twitter_card":"summary_large_image","twitter_misc":{"Tiempo de lectura":"10 minutos"},"schema":{"@context":"https:\/\/schema.org","@graph":[{"@type":"WebPage","@id":"https:\/\/easyparisshuttle.com\/contact-us\/","url":"https:\/\/easyparisshuttle.com\/contact-us\/","name":"Easy Paris Shuttle","isPartOf":{"@id":"https:\/\/easyparisshuttle.com\/#website"},"datePublished":"2022-03-02T06:19:08+00:00","dateModified":"2023-12-07T15:17:53+00:00","breadcrumb":{"@id":"https:\/\/easyparisshuttle.com\/contact-us\/#breadcrumb"},"inLanguage":"es","potentialAction":[{"@type":"ReadAction","target":["https:\/\/easyparisshuttle.com\/contact-us\/"]}]},{"@type":"BreadcrumbList","@id":"https:\/\/easyparisshuttle.com\/contact-us\/#breadcrumb","itemListElement":[{"@type":"ListItem","position":1,"name":"Accueil","item":"https:\/\/easyparisshuttle.com\/"},{"@type":"ListItem","position":2,"name":"Contact us"}]},{"@type":"WebSite","@id":"https:\/\/easyparisshuttle.com\/#website","url":"https:\/\/easyparisshuttle.com\/","name":"\ud83d\ude96 Easy Paris Shuttle - Chauffeur Priv\u00e9 & Taxi \u00e0 Paris | Transferts A\u00e9roport","description":"L\u2019Excellence du Transport Priv\u00e9 \u00e0 Paris.","publisher":{"@id":"https:\/\/easyparisshuttle.com\/#organization"},"alternateName":"\ud83d\udc49 Easy Paris Shuttle - Chauffeur Priv\u00e9 & Taxi \u00e0 Paris","potentialAction":[{"@type":"SearchAction","target":{"@type":"EntryPoint","urlTemplate":"https:\/\/easyparisshuttle.com\/?s={search_term_string}"},"query-input":{"@type":"PropertyValueSpecification","valueRequired":true,"valueName":"search_term_string"}}],"inLanguage":"es"},{"@type":"Organization","@id":"https:\/\/easyparisshuttle.com\/#organization","name":"\ud83d\udc49 Easy Paris Shuttle - Chauffeur Priv\u00e9 & Taxi \u00e0 Paris","alternateName":"\ud83d\ude96 Easy Paris Shuttle \u2013 L\u2019Excellence du Transport Priv\u00e9 \u00e0 Paris.","url":"https:\/\/easyparisshuttle.com\/","logo":{"@type":"ImageObject","inLanguage":"es","@id":"https:\/\/easyparisshuttle.com\/#\/schema\/logo\/image\/","url":"https:\/\/easyparisshuttle.com\/wp-content\/uploads\/2023\/12\/cropped-Capture_d_ecran_2023-12-01_101048-removebg-preview.png","contentUrl":"https:\/\/easyparisshuttle.com\/wp-content\/uploads\/2023\/12\/cropped-Capture_d_ecran_2023-12-01_101048-removebg-preview.png","width":512,"height":512,"caption":"\ud83d\udc49 Easy Paris Shuttle - Chauffeur Priv\u00e9 & Taxi \u00e0 Paris"},"image":{"@id":"https:\/\/easyparisshuttle.com\/#\/schema\/logo\/image\/"}}]}},"_links":{"self":[{"href":"https:\/\/easyparisshuttle.com\/es\/wp-json\/wp\/v2\/pages\/91368","targetHints":{"allow":["GET"]}}],"collection":[{"href":"https:\/\/easyparisshuttle.com\/es\/wp-json\/wp\/v2\/pages"}],"about":[{"href":"https:\/\/easyparisshuttle.com\/es\/wp-json\/wp\/v2\/types\/page"}],"author":[{"embeddable":true,"href":"https:\/\/easyparisshuttle.com\/es\/wp-json\/wp\/v2\/users\/1"}],"replies":[{"embeddable":true,"href":"https:\/\/easyparisshuttle.com\/es\/wp-json\/wp\/v2\/comments?post=91368"}],"version-history":[{"count":2,"href":"https:\/\/easyparisshuttle.com\/es\/wp-json\/wp\/v2\/pages\/91368\/revisions"}],"predecessor-version":[{"id":100123,"href":"https:\/\/easyparisshuttle.com\/es\/wp-json\/wp\/v2\/pages\/91368\/revisions\/100123"}],"wp:attachment":[{"href":"https:\/\/easyparisshuttle.com\/es\/wp-json\/wp\/v2\/media?parent=91368"}],"curies":[{"name":"wp","href":"https:\/\/api.w.org\/{rel}","templated":true}]}}